{"id":1488,"date":"2022-11-06T21:36:13","date_gmt":"2022-11-06T20:36:13","guid":{"rendered":"https:\/\/dermadelsol.com\/peelings-medicos\/"},"modified":"2023-01-28T02:00:12","modified_gmt":"2023-01-28T01:00:12","slug":"peelings-medicos","status":"publish","type":"page","link":"https:\/\/dermadelsol.com\/es\/peelings-medicos\/","title":{"rendered":"Peelings medicos"},"content":{"rendered":"\t\t<div data-elementor-type=\"wp-page\" data-elementor-id=\"1488\" class=\"elementor elementor-1488 elementor-874\" data-elementor-post-type=\"page\">\n\t\t\t\t\t\t<section class=\"elementor-section elementor-top-section elementor-element elementor-element-5e19eb1d elementor-section-full_width elementor-section-height-min-height elementor-section-height-default elementor-section-items-middle\" data-id=\"5e19eb1d\" data-element_type=\"section\" data-e-type=\"section\" data-settings=\"{&quot;background_background&quot;:&quot;classic&quot;}\">\n\t\t\t\t\t\t<div class=\"elementor-container elementor-column-gap-default\">\n\t\t\t\t\t<div class=\"elementor-column elementor-col-100 elementor-top-column elementor-element elementor-element-c26a9a4\" data-id=\"c26a9a4\" data-element_type=\"column\" data-e-type=\"column\">\n\t\t\t<div class=\"elementor-widget-wrap elementor-element-populated\">\n\t\t\t\t\t\t<section class=\"elementor-section elementor-inner-section elementor-element elementor-element-24ddc78b elementor-section-boxed elementor-section-height-default elementor-section-height-default\" data-id=\"24ddc78b\" data-element_type=\"section\" data-e-type=\"section\">\n\t\t\t\t\t\t<div class=\"elementor-container elementor-column-gap-default\">\n\t\t\t\t\t<div class=\"elementor-column elementor-col-50 elementor-inner-column elementor-element elementor-element-4bfdd62e\" data-id=\"4bfdd62e\" data-element_type=\"column\" data-e-type=\"column\">\n\t\t\t<div class=\"elementor-widget-wrap elementor-element-populated\">\n\t\t\t\t\t\t<div class=\"elementor-element elementor-element-5ffc3341 elementor-widget elementor-widget-heading\" data-id=\"5ffc3341\" data-element_type=\"widget\" data-e-type=\"widget\" data-widget_type=\"heading.default\">\n\t\t\t\t<div class=\"elementor-widget-container\">\n\t\t\t\t\t<h1 class=\"elementor-heading-title elementor-size-default\">PEELINGS MEDICOS<\/h1>\t\t\t\t<\/div>\n\t\t\t\t<\/div>\n\t\t\t\t\t<\/div>\n\t\t<\/div>\n\t\t\t\t<div class=\"elementor-column elementor-col-50 elementor-inner-column elementor-element elementor-element-780dc1b1\" data-id=\"780dc1b1\" data-element_type=\"column\" data-e-type=\"column\">\n\t\t\t<div class=\"elementor-widget-wrap\">\n\t\t\t\t\t\t\t<\/div>\n\t\t<\/div>\n\t\t\t\t\t<\/div>\n\t\t<\/section>\n\t\t\t\t\t<\/div>\n\t\t<\/div>\n\t\t\t\t\t<\/div>\n\t\t<\/section>\n\t\t\t\t<section class=\"elementor-section elementor-top-section elementor-element elementor-element-5d1e48fd elementor-section-boxed elementor-section-height-default elementor-section-height-default\" data-id=\"5d1e48fd\" data-element_type=\"section\" data-e-type=\"section\" data-settings=\"{&quot;background_background&quot;:&quot;classic&quot;}\">\n\t\t\t\t\t\t<div class=\"elementor-container elementor-column-gap-no\">\n\t\t\t\t\t<div class=\"elementor-column elementor-col-50 elementor-top-column elementor-element elementor-element-25d34f50\" data-id=\"25d34f50\" data-element_type=\"column\" data-e-type=\"column\">\n\t\t\t<div class=\"elementor-widget-wrap elementor-element-populated\">\n\t\t\t\t\t\t<div class=\"elementor-element elementor-element-66c19593 elementor-widget elementor-widget-text-editor\" data-id=\"66c19593\" data-element_type=\"widget\" data-e-type=\"widget\" data-widget_type=\"text-editor.default\">\n\t\t\t\t<div class=\"elementor-widget-container\">\n\t\t\t\t\t\t\t\t\t<h3>Qu\u00e9 es un peeling?<\/h3><p>La palabra peeling significa pelar o decapar. En cosm\u00e9tica es aquello que produce una renovaci\u00f3n celular acelerada de las capas superficiales de la piel. Tiene finas tan diversos como limpieza, nutrici\u00f3n, hidrataci\u00f3n, disminuci\u00f3n de los efectos del envejecemiento, acci\u00f3n seborreguladora, despigmentnte, etc.<br \/>El peeling se considera hoy en d\u00eda una buena opci\u00f3n, poco invas\u00edva, que ayuda a mantener una piel sana, com\u00e9ticamente bella, y que inhibe los efectos del envejecimiento.<\/p><div class=\"clear\">\u00a0<\/div><hr \/><h3>Con qu\u00e9 frequencia puedo recibir peelings medicos?<\/h3><p>Los tratamientos pueden realizarse cada 21-30 d\u00edas, hasta un total de 4-6 sesiones ( se varia dependiendo el tipo de peeling). Pasadas estas sesiones ha de esperar un a\u00f1o para poder volverse a realizar el tratamiento.<\/p><h3>Qu\u00e9 precauciones debo tener tras un tratamiento con peeling medicos?<\/h3><p>Evite la exposici\u00f3n al sol lo m\u00e1ximo posible y utilice un fotoprotectos elevado (Screenses SPF 80 o Repaskin SPF 50).<br \/>Evite durante los primeros d\u00edas lugares de excesivo calor como saunas o jacuzzis.<br \/>Evite realizar ejercicio el mismo d\u00eda que le han aplicado el peeling.<br \/>Durante el periodo de descamaci\u00f3n no se estire las pieles ya que ello puede producir hiperpigmentaciones (manchas).<br \/>Aplique durante los d\u00edas de mayor exfoliaci\u00f3n o tirantez Silkses Protector Hidratante Cut\u00e1neo para hidratar la piel tantas veces como lo desee.<br \/>Evite durante 1 semana realizarse depliaciones u otros tratamientos abrasivos en la zona tratada.<\/p><h3>Procedimiento<\/h3><p>El procedimiento con peelings medicos es r\u00e1pido y sencillo, no suele tener complicaciones ni efectos adversos y quien se lo realiza puede incorporarse de inmediato a sus tareas cotidianas. El tiempo puede ser variable, pero en t\u00e9rminos generales el tratamiento dura de 15 \u00f3 40 minutos.<br \/>Tras el peelng puede sentir la piel ligeramente tirante, pero muy tersa y suave. Tambi\u00e9n sentir\u00e1 una leve sensaci\u00f3n de anestsia superficial cuando la toque. No obstante, todas estas ligeras molestias desaparecen espont\u00e1neamente tras 15 \u00f3 30 minutos.<br \/>Al tercer d\u00eda de la realizaci\u00f3n del peeling, le piel experimentar\u00e1 un proceso de renovaci\u00f3n celular que se traducir\u00e1 en una exfoliaci\u00f3n total de la piel. Tras el pelado, que concluir\u00e1 a los 4-5 d\u00edas, le piel surge m\u00e1s tersa, flexible, fina, y sonrosada, con un color m\u00e1s homogeno y gran luminosidad.<\/p>\t\t\t\t\t\t\t\t<\/div>\n\t\t\t\t<\/div>\n\t\t\t\t\t<\/div>\n\t\t<\/div>\n\t\t\t\t<div class=\"elementor-column elementor-col-50 elementor-top-column elementor-element elementor-element-297b614\" data-id=\"297b614\" data-element_type=\"column\" data-e-type=\"column\">\n\t\t\t<div class=\"elementor-widget-wrap elementor-element-populated\">\n\t\t\t\t\t\t<div class=\"elementor-element elementor-element-2789ee3 elementor-widget elementor-widget-image\" data-id=\"2789ee3\" data-element_type=\"widget\" data-e-type=\"widget\" data-widget_type=\"image.default\">\n\t\t\t\t<div class=\"elementor-widget-container\">\n\t\t\t\t\t\t\t\t\t\t\t\t\t\t\t<img fetchpriority=\"high\" decoding=\"async\" width=\"386\" height=\"300\" src=\"https:\/\/dermadelsol.com\/wp-content\/uploads\/2023\/01\/peeling1.jpg\" class=\"attachment-full size-full wp-image-1467\" alt=\"\" srcset=\"https:\/\/dermadelsol.com\/wp-content\/uploads\/2023\/01\/peeling1.jpg 386w, https:\/\/dermadelsol.com\/wp-content\/uploads\/2023\/01\/peeling1-300x233.jpg 300w\" sizes=\"(max-width: 386px) 100vw, 386px\" \/>\t\t\t\t\t\t\t\t\t\t\t\t\t\t\t<\/div>\n\t\t\t\t<\/div>\n\t\t\t\t<div class=\"elementor-element elementor-element-704079c elementor-widget elementor-widget-image\" data-id=\"704079c\" data-element_type=\"widget\" data-e-type=\"widget\" data-widget_type=\"image.default\">\n\t\t\t\t<div class=\"elementor-widget-container\">\n\t\t\t\t\t\t\t\t\t\t\t\t\t\t\t<img decoding=\"async\" width=\"357\" height=\"300\" src=\"https:\/\/dermadelsol.com\/wp-content\/uploads\/2023\/01\/peeling2.jpg\" class=\"attachment-full size-full wp-image-1468\" alt=\"\" srcset=\"https:\/\/dermadelsol.com\/wp-content\/uploads\/2023\/01\/peeling2.jpg 357w, https:\/\/dermadelsol.com\/wp-content\/uploads\/2023\/01\/peeling2-300x252.jpg 300w\" sizes=\"(max-width: 357px) 100vw, 357px\" \/>\t\t\t\t\t\t\t\t\t\t\t\t\t\t\t<\/div>\n\t\t\t\t<\/div>\n\t\t\t\t<div class=\"elementor-element elementor-element-1431657 elementor-widget elementor-widget-image\" data-id=\"1431657\" data-element_type=\"widget\" data-e-type=\"widget\" data-widget_type=\"image.default\">\n\t\t\t\t<div class=\"elementor-widget-container\">\n\t\t\t\t\t\t\t\t\t\t\t\t\t\t\t<img decoding=\"async\" width=\"357\" height=\"300\" src=\"https:\/\/dermadelsol.com\/wp-content\/uploads\/2023\/01\/peeling3.jpg\" class=\"attachment-full size-full wp-image-1469\" alt=\"\" srcset=\"https:\/\/dermadelsol.com\/wp-content\/uploads\/2023\/01\/peeling3.jpg 357w, https:\/\/dermadelsol.com\/wp-content\/uploads\/2023\/01\/peeling3-300x252.jpg 300w\" sizes=\"(max-width: 357px) 100vw, 357px\" \/>\t\t\t\t\t\t\t\t\t\t\t\t\t\t\t<\/div>\n\t\t\t\t<\/div>\n\t\t\t\t<div class=\"elementor-element elementor-element-5f1f713 elementor-widget elementor-widget-image\" data-id=\"5f1f713\" data-element_type=\"widget\" data-e-type=\"widget\" data-widget_type=\"image.default\">\n\t\t\t\t<div class=\"elementor-widget-container\">\n\t\t\t\t\t\t\t\t\t\t\t\t\t\t\t<img loading=\"lazy\" decoding=\"async\" width=\"380\" height=\"163\" src=\"https:\/\/dermadelsol.com\/wp-content\/uploads\/2023\/01\/peeling4.jpg\" class=\"attachment-full size-full wp-image-1470\" alt=\"\" srcset=\"https:\/\/dermadelsol.com\/wp-content\/uploads\/2023\/01\/peeling4.jpg 380w, https:\/\/dermadelsol.com\/wp-content\/uploads\/2023\/01\/peeling4-300x129.jpg 300w\" sizes=\"(max-width: 380px) 100vw, 380px\" \/>\t\t\t\t\t\t\t\t\t\t\t\t\t\t\t<\/div>\n\t\t\t\t<\/div>\n\t\t\t\t<div class=\"elementor-element elementor-element-3959188 elementor-widget elementor-widget-image\" data-id=\"3959188\" data-element_type=\"widget\" data-e-type=\"widget\" data-widget_type=\"image.default\">\n\t\t\t\t<div class=\"elementor-widget-container\">\n\t\t\t\t\t\t\t\t\t\t\t\t\t\t\t<img loading=\"lazy\" decoding=\"async\" width=\"540\" height=\"420\" src=\"https:\/\/dermadelsol.com\/wp-content\/uploads\/2023\/01\/peeling5.jpg\" class=\"attachment-full size-full wp-image-1471\" alt=\"\" srcset=\"https:\/\/dermadelsol.com\/wp-content\/uploads\/2023\/01\/peeling5.jpg 540w, https:\/\/dermadelsol.com\/wp-content\/uploads\/2023\/01\/peeling5-300x233.jpg 300w\" sizes=\"(max-width: 540px) 100vw, 540px\" \/>\t\t\t\t\t\t\t\t\t\t\t\t\t\t\t<\/div>\n\t\t\t\t<\/div>\n\t\t\t\t<div class=\"elementor-element elementor-element-1832c0e elementor-widget elementor-widget-image\" data-id=\"1832c0e\" data-element_type=\"widget\" data-e-type=\"widget\" data-widget_type=\"image.default\">\n\t\t\t\t<div class=\"elementor-widget-container\">\n\t\t\t\t\t\t\t\t\t\t\t\t\t\t\t<img loading=\"lazy\" decoding=\"async\" width=\"540\" height=\"253\" src=\"https:\/\/dermadelsol.com\/wp-content\/uploads\/2023\/01\/peeling6.jpg\" class=\"attachment-full size-full wp-image-1472\" alt=\"\" srcset=\"https:\/\/dermadelsol.com\/wp-content\/uploads\/2023\/01\/peeling6.jpg 540w, https:\/\/dermadelsol.com\/wp-content\/uploads\/2023\/01\/peeling6-300x141.jpg 300w\" sizes=\"(max-width: 540px) 100vw, 540px\" \/>\t\t\t\t\t\t\t\t\t\t\t\t\t\t\t<\/div>\n\t\t\t\t<\/div>\n\t\t\t\t\t<\/div>\n\t\t<\/div>\n\t\t\t\t\t<\/div>\n\t\t<\/section>\n\t\t\t\t<\/div>\n\t\t","protected":false},"excerpt":{"rendered":"<p>PEELINGS MEDICOS Qu\u00e9 es un peeling? La palabra peeling significa pelar o decapar. En cosm\u00e9tica es aquello que produce una renovaci\u00f3n celular acelerada de las capas superficiales de la piel. Tiene finas tan diversos como limpieza, nutrici\u00f3n, hidrataci\u00f3n, disminuci\u00f3n de los efectos del envejecemiento, acci\u00f3n seborreguladora, despigmentnte, etc.El peeling se considera hoy en d\u00eda una [&hellip;]<\/p>\n","protected":false},"author":2,"featured_media":0,"parent":0,"menu_order":3,"comment_status":"closed","ping_status":"closed","template":"","meta":{"site-sidebar-layout":"no-sidebar","site-content-layout":"page-builder","ast-site-content-layout":"default","site-content-style":"default","site-sidebar-style":"default","ast-global-header-display":"","ast-banner-title-visibility":"","ast-main-header-display":"","ast-hfb-above-header-display":"","ast-hfb-below-header-display":"","ast-hfb-mobile-header-display":"","site-post-title":"disabled","ast-breadcrumbs-content":"","ast-featured-img":"disabled","footer-sml-layout":"","ast-disable-related-posts":"","theme-transparent-header-meta":"enabled","adv-header-id-meta":"","stick-header-meta":"","header-above-stick-meta":"","header-main-stick-meta":"","header-below-stick-meta":"","astra-migrate-meta-layouts":"default","ast-page-background-enabled":"default","ast-page-background-meta":{"desktop":{"background-color":"","background-image":"","background-repeat":"repeat","background-position":"center center","background-size":"auto","background-attachment":"scroll","background-type":"","background-media":"","overlay-type":"","overlay-color":"","overlay-opacity":"","overlay-gradient":""},"tablet":{"background-color":"","background-image":"","background-repeat":"repeat","background-position":"center center","background-size":"auto","background-attachment":"scroll","background-type":"","background-media":"","overlay-type":"","overlay-color":"","overlay-opacity":"","overlay-gradient":""},"mobile":{"background-color":"","background-image":"","background-repeat":"repeat","background-position":"center center","background-size":"auto","background-attachment":"scroll","background-type":"","background-media":"","overlay-type":"","overlay-color":"","overlay-opacity":"","overlay-gradient":""}},"ast-content-background-meta":{"desktop":{"background-color":"var(--ast-global-color-5)","background-image":"","background-repeat":"repeat","background-position":"center center","background-size":"auto","background-attachment":"scroll","background-type":"","background-media":"","overlay-type":"","overlay-color":"","overlay-opacity":"","overlay-gradient":""},"tablet":{"background-color":"var(--ast-global-color-5)","background-image":"","background-repeat":"repeat","background-position":"center center","background-size":"auto","background-attachment":"scroll","background-type":"","background-media":"","overlay-type":"","overlay-color":"","overlay-opacity":"","overlay-gradient":""},"mobile":{"background-color":"var(--ast-global-color-5)","background-image":"","background-repeat":"repeat","background-position":"center center","background-size":"auto","background-attachment":"scroll","background-type":"","background-media":"","overlay-type":"","overlay-color":"","overlay-opacity":"","overlay-gradient":""}},"footnotes":""},"class_list":["post-1488","page","type-page","status-publish","hentry"],"_links":{"self":[{"href":"https:\/\/dermadelsol.com\/es\/wp-json\/wp\/v2\/pages\/1488","targetHints":{"allow":["GET"]}}],"collection":[{"href":"https:\/\/dermadelsol.com\/es\/wp-json\/wp\/v2\/pages"}],"about":[{"href":"https:\/\/dermadelsol.com\/es\/wp-json\/wp\/v2\/types\/page"}],"author":[{"embeddable":true,"href":"https:\/\/dermadelsol.com\/es\/wp-json\/wp\/v2\/users\/2"}],"replies":[{"embeddable":true,"href":"https:\/\/dermadelsol.com\/es\/wp-json\/wp\/v2\/comments?post=1488"}],"version-history":[{"count":6,"href":"https:\/\/dermadelsol.com\/es\/wp-json\/wp\/v2\/pages\/1488\/revisions"}],"predecessor-version":[{"id":1494,"href":"https:\/\/dermadelsol.com\/es\/wp-json\/wp\/v2\/pages\/1488\/revisions\/1494"}],"wp:attachment":[{"href":"https:\/\/dermadelsol.com\/es\/wp-json\/wp\/v2\/media?parent=1488"}],"curies":[{"name":"wp","href":"https:\/\/api.w.org\/{rel}","templated":true}]}}