{"id":1508,"date":"2022-11-06T20:39:00","date_gmt":"2022-11-06T19:39:00","guid":{"rendered":"https:\/\/dermadelsol.com\/zo-skin\/"},"modified":"2023-01-28T02:06:24","modified_gmt":"2023-01-28T01:06:24","slug":"zo-skin","status":"publish","type":"page","link":"https:\/\/dermadelsol.com\/es\/zo-skin\/","title":{"rendered":"Zo-Skin"},"content":{"rendered":"\t\t<div data-elementor-type=\"wp-page\" data-elementor-id=\"1508\" class=\"elementor elementor-1508 elementor-810\" data-elementor-post-type=\"page\">\n\t\t\t\t\t\t<section class=\"elementor-section elementor-top-section elementor-element elementor-element-59a177c elementor-section-full_width elementor-section-height-full elementor-section-height-default elementor-section-items-middle\" data-id=\"59a177c\" data-element_type=\"section\" data-e-type=\"section\" data-settings=\"{&quot;background_background&quot;:&quot;classic&quot;}\">\n\t\t\t\t\t\t\t<div class=\"elementor-background-overlay\"><\/div>\n\t\t\t\t\t\t\t<div class=\"elementor-container elementor-column-gap-default\">\n\t\t\t\t\t<div class=\"elementor-column elementor-col-100 elementor-top-column elementor-element elementor-element-2c3dc5e\" data-id=\"2c3dc5e\" data-element_type=\"column\" data-e-type=\"column\">\n\t\t\t<div class=\"elementor-widget-wrap elementor-element-populated\">\n\t\t\t\t\t\t<section class=\"elementor-section elementor-inner-section elementor-element elementor-element-faf5089 elementor-section-boxed elementor-section-height-default elementor-section-height-default\" data-id=\"faf5089\" data-element_type=\"section\" data-e-type=\"section\">\n\t\t\t\t\t\t<div class=\"elementor-container elementor-column-gap-default\">\n\t\t\t\t\t<div class=\"elementor-column elementor-col-50 elementor-inner-column elementor-element elementor-element-2d4362f\" data-id=\"2d4362f\" data-element_type=\"column\" data-e-type=\"column\">\n\t\t\t<div class=\"elementor-widget-wrap elementor-element-populated\">\n\t\t\t\t\t\t<div class=\"elementor-element elementor-element-f3817a3 elementor-widget elementor-widget-spacer\" data-id=\"f3817a3\" data-element_type=\"widget\" data-e-type=\"widget\" data-widget_type=\"spacer.default\">\n\t\t\t\t<div class=\"elementor-widget-container\">\n\t\t\t\t\t\t\t<div class=\"elementor-spacer\">\n\t\t\t<div class=\"elementor-spacer-inner\"><\/div>\n\t\t<\/div>\n\t\t\t\t\t\t<\/div>\n\t\t\t\t<\/div>\n\t\t\t\t<div class=\"elementor-element elementor-element-5205f5d elementor-widget elementor-widget-heading\" data-id=\"5205f5d\" data-element_type=\"widget\" data-e-type=\"widget\" data-widget_type=\"heading.default\">\n\t\t\t\t<div class=\"elementor-widget-container\">\n\t\t\t\t\t<h1 class=\"elementor-heading-title elementor-size-default\">ZO-SKIN<\/h1>\t\t\t\t<\/div>\n\t\t\t\t<\/div>\n\t\t\t\t<div class=\"elementor-element elementor-element-92008f5 elementor-widget elementor-widget-heading\" data-id=\"92008f5\" data-element_type=\"widget\" data-e-type=\"widget\" data-widget_type=\"heading.default\">\n\t\t\t\t<div class=\"elementor-widget-container\">\n\t\t\t\t\t<h3 class=\"elementor-heading-title elementor-size-default\">Productos de salud<\/h3>\t\t\t\t<\/div>\n\t\t\t\t<\/div>\n\t\t\t\t\t<\/div>\n\t\t<\/div>\n\t\t\t\t<div class=\"elementor-column elementor-col-50 elementor-inner-column elementor-element elementor-element-a0b5b25\" data-id=\"a0b5b25\" data-element_type=\"column\" data-e-type=\"column\">\n\t\t\t<div class=\"elementor-widget-wrap\">\n\t\t\t\t\t\t\t<\/div>\n\t\t<\/div>\n\t\t\t\t\t<\/div>\n\t\t<\/section>\n\t\t\t\t\t<\/div>\n\t\t<\/div>\n\t\t\t\t\t<\/div>\n\t\t<\/section>\n\t\t\t\t<section class=\"elementor-section elementor-top-section elementor-element elementor-element-60ed73ba elementor-section-content-middle elementor-section-boxed elementor-section-height-default elementor-section-height-default\" data-id=\"60ed73ba\" data-element_type=\"section\" data-e-type=\"section\" data-settings=\"{&quot;background_background&quot;:&quot;classic&quot;}\">\n\t\t\t\t\t\t<div class=\"elementor-container elementor-column-gap-no\">\n\t\t\t\t\t<div class=\"elementor-column elementor-col-50 elementor-top-column elementor-element elementor-element-7004ff13\" data-id=\"7004ff13\" data-element_type=\"column\" data-e-type=\"column\">\n\t\t\t<div class=\"elementor-widget-wrap elementor-element-populated\">\n\t\t\t\t\t\t<div class=\"elementor-element elementor-element-3b0b5db7 elementor-widget elementor-widget-heading\" data-id=\"3b0b5db7\" data-element_type=\"widget\" data-e-type=\"widget\" data-widget_type=\"heading.default\">\n\t\t\t\t<div class=\"elementor-widget-container\">\n\t\t\t\t\t<h3 class=\"elementor-heading-title elementor-size-default\">Que es Zo-Skin Health?<\/h3>\t\t\t\t<\/div>\n\t\t\t\t<\/div>\n\t\t\t\t<div class=\"elementor-element elementor-element-10c2622 elementor-widget elementor-widget-text-editor\" data-id=\"10c2622\" data-element_type=\"widget\" data-e-type=\"widget\" data-widget_type=\"text-editor.default\">\n\t\t\t\t<div class=\"elementor-widget-container\">\n\t\t\t\t\t\t\t\t\t<p>ZO Skin Health, he desarrollado bajo la direcci\u00f3n del Dr. Obaji, unos protocolos de tratamientos terap\u00e9uticos, con soluciones para el cuidado diario de la piel, con los que logra obtener y mantener una piel sana. Estos protocolos y productos, se basan en los \u00faltimos descubrimientos terap\u00e9uticos para el cuidado de la piel, como son sistemas de liberaci\u00f3n y las formulas \u00fanicas basadas en estudios de bioingenier\u00eda, ayudando a los m\u00e9dicos a garantizar a sus pacientes una piel sana de manera continua sin importar tipo de piel, el sexo o la edad.<\/p>\t\t\t\t\t\t\t\t<\/div>\n\t\t\t\t<\/div>\n\t\t\t\t\t<\/div>\n\t\t<\/div>\n\t\t\t\t<div class=\"elementor-column elementor-col-50 elementor-top-column elementor-element elementor-element-53e07321\" data-id=\"53e07321\" data-element_type=\"column\" data-e-type=\"column\">\n\t\t\t<div class=\"elementor-widget-wrap elementor-element-populated\">\n\t\t\t\t\t\t<div class=\"elementor-element elementor-element-a982916 elementor-widget elementor-widget-image\" data-id=\"a982916\" data-element_type=\"widget\" data-e-type=\"widget\" data-widget_type=\"image.default\">\n\t\t\t\t<div class=\"elementor-widget-container\">\n\t\t\t\t\t\t\t\t\t\t\t\t\t\t\t<img fetchpriority=\"high\" decoding=\"async\" width=\"800\" height=\"408\" src=\"https:\/\/dermadelsol.com\/wp-content\/uploads\/2023\/01\/zo-skin.jpg\" class=\"attachment-full size-full wp-image-1476\" alt=\"\" srcset=\"https:\/\/dermadelsol.com\/wp-content\/uploads\/2023\/01\/zo-skin.jpg 800w, https:\/\/dermadelsol.com\/wp-content\/uploads\/2023\/01\/zo-skin-300x153.jpg 300w, https:\/\/dermadelsol.com\/wp-content\/uploads\/2023\/01\/zo-skin-768x392.jpg 768w\" sizes=\"(max-width: 800px) 100vw, 800px\" \/>\t\t\t\t\t\t\t\t\t\t\t\t\t\t\t<\/div>\n\t\t\t\t<\/div>\n\t\t\t\t\t<\/div>\n\t\t<\/div>\n\t\t\t\t\t<\/div>\n\t\t<\/section>\n\t\t\t\t<section class=\"elementor-section elementor-top-section elementor-element elementor-element-509a860 elementor-section-boxed elementor-section-height-default elementor-section-height-default\" data-id=\"509a860\" data-element_type=\"section\" data-e-type=\"section\">\n\t\t\t\t\t\t<div class=\"elementor-container elementor-column-gap-default\">\n\t\t\t\t\t<div class=\"elementor-column elementor-col-100 elementor-top-column elementor-element elementor-element-76f93e8\" data-id=\"76f93e8\" data-element_type=\"column\" data-e-type=\"column\">\n\t\t\t<div class=\"elementor-widget-wrap elementor-element-populated\">\n\t\t\t\t\t\t<div class=\"elementor-element elementor-element-0b894b4 elementor-widget elementor-widget-text-editor\" data-id=\"0b894b4\" data-element_type=\"widget\" data-e-type=\"widget\" data-widget_type=\"text-editor.default\">\n\t\t\t\t<div class=\"elementor-widget-container\">\n\t\t\t\t\t\t\t\t\t<h3>Para que sirven estos protocolos?<\/h3><p>Para tartar acne, hiperpigmentaciones, o envejecimiento (arrugas) de la piel.<\/p><h3>Que es el c\u00edrculo de ZO Skin Health?<\/h3><p><strong>1: Terapeutica<\/strong><br \/>\u00a0\u00a0\u00a0\u00a0tratamientos con productos de prescripci\u00f3n \u00fanicos y protocolos dirigidos a corregir enfermedades de la piel.<br \/><strong>2: Mantenimiento<\/strong><br \/>\u00a0\u00a0\u00a0\u00a0programas que alargan los beneficios de los tratamientos terap\u00e9uticos.<br \/><strong>3: Cuidado diario<\/strong><br \/>\u00a0\u00a0\u00a0\u00a0protocolos que mantienen la piel sana y active.<br \/><strong>4: Prevenci\u00f3n<\/strong><br \/>\u00a0\u00a0\u00a0\u00a0Productos que protegen la piel del envejecimiento intr\u00ednseco y de da\u00f1os futuros.<\/p><h3>Que son los pasos para obtener piel sana?<\/h3><p><strong>1: Preparar<\/strong><br \/>\u00a0\u00a0\u00a0\u00a0la piel para favorecer su correcta funcionalidad (L.A.T)<br \/><strong>2: Corregir<\/strong><br \/>\u00a0\u00a0\u00a0\u00a0para mejorar la epidermis y ayudar a aclarar e igualar el tono de la piel<br \/><strong>3: Estimular<\/strong><br \/>\u00a0\u00a0\u00a0\u00a0con retinol a altas concentraciones para mejorar la textura, estructura, tono y funci\u00f3n barrera de la piel<br \/><strong>4: Estabilizar<\/strong><br \/>\u00a0\u00a0\u00a0\u00a0la epidermis y la dermis para prevenir frente a la sensibilidad adquirida al tratamiento y favorecer la correcta renovaci\u00f3n de la piel<br \/><strong>5: Hidratar y calmar<\/strong><br \/>\u00a0\u00a0\u00a0\u00a0con cremas de transici\u00f3n-confort para mitigar las reacciones asociadas al uso de retinoides<br \/><strong>6: Proteger<\/strong><br \/>\u00a0\u00a0\u00a0\u00a0para prevenir el foto envejecimiento y los efectos asociados a la radiaci\u00f3n solar con el uso de agentes antioxidantes<\/p>\t\t\t\t\t\t\t\t<\/div>\n\t\t\t\t<\/div>\n\t\t\t\t\t<\/div>\n\t\t<\/div>\n\t\t\t\t\t<\/div>\n\t\t<\/section>\n\t\t\t\t<section class=\"elementor-section elementor-top-section elementor-element elementor-element-734d65e elementor-section-boxed elementor-section-height-default elementor-section-height-default\" data-id=\"734d65e\" data-element_type=\"section\" data-e-type=\"section\" data-settings=\"{&quot;background_background&quot;:&quot;classic&quot;}\">\n\t\t\t\t\t\t<div class=\"elementor-container elementor-column-gap-default\">\n\t\t\t\t\t<div class=\"elementor-column elementor-col-50 elementor-top-column elementor-element elementor-element-471fe57\" data-id=\"471fe57\" data-element_type=\"column\" data-e-type=\"column\">\n\t\t\t<div class=\"elementor-widget-wrap elementor-element-populated\">\n\t\t\t\t\t\t<div class=\"elementor-element elementor-element-3a7054d elementor-widget elementor-widget-heading\" data-id=\"3a7054d\" data-element_type=\"widget\" data-e-type=\"widget\" data-widget_type=\"heading.default\">\n\t\t\t\t<div class=\"elementor-widget-container\">\n\t\t\t\t\t<h3 class=\"elementor-heading-title elementor-size-default\">Antes<\/h3>\t\t\t\t<\/div>\n\t\t\t\t<\/div>\n\t\t\t\t<div class=\"elementor-element elementor-element-a61b0ce elementor-widget elementor-widget-image\" data-id=\"a61b0ce\" data-element_type=\"widget\" data-e-type=\"widget\" data-widget_type=\"image.default\">\n\t\t\t\t<div class=\"elementor-widget-container\">\n\t\t\t\t\t\t\t\t\t\t\t\t\t\t\t<img decoding=\"async\" width=\"600\" height=\"531\" src=\"https:\/\/dermadelsol.com\/wp-content\/uploads\/2023\/01\/zo-skin-before.jpg\" class=\"attachment-full size-full wp-image-1477\" alt=\"\" srcset=\"https:\/\/dermadelsol.com\/wp-content\/uploads\/2023\/01\/zo-skin-before.jpg 600w, https:\/\/dermadelsol.com\/wp-content\/uploads\/2023\/01\/zo-skin-before-300x266.jpg 300w\" sizes=\"(max-width: 600px) 100vw, 600px\" \/>\t\t\t\t\t\t\t\t\t\t\t\t\t\t\t<\/div>\n\t\t\t\t<\/div>\n\t\t\t\t\t<\/div>\n\t\t<\/div>\n\t\t\t\t<div class=\"elementor-column elementor-col-50 elementor-top-column elementor-element elementor-element-7226600\" data-id=\"7226600\" data-element_type=\"column\" data-e-type=\"column\">\n\t\t\t<div class=\"elementor-widget-wrap elementor-element-populated\">\n\t\t\t\t\t\t<div class=\"elementor-element elementor-element-3dac72f elementor-widget elementor-widget-heading\" data-id=\"3dac72f\" data-element_type=\"widget\" data-e-type=\"widget\" data-widget_type=\"heading.default\">\n\t\t\t\t<div class=\"elementor-widget-container\">\n\t\t\t\t\t<h3 class=\"elementor-heading-title elementor-size-default\">Despu\u00e9s<\/h3>\t\t\t\t<\/div>\n\t\t\t\t<\/div>\n\t\t\t\t<div class=\"elementor-element elementor-element-cb00b94 elementor-widget elementor-widget-image\" data-id=\"cb00b94\" data-element_type=\"widget\" data-e-type=\"widget\" data-widget_type=\"image.default\">\n\t\t\t\t<div class=\"elementor-widget-container\">\n\t\t\t\t\t\t\t\t\t\t\t\t\t\t\t<img decoding=\"async\" width=\"600\" height=\"531\" src=\"https:\/\/dermadelsol.com\/wp-content\/uploads\/2023\/01\/zo-skin-after.jpg\" class=\"attachment-full size-full wp-image-1478\" alt=\"\" srcset=\"https:\/\/dermadelsol.com\/wp-content\/uploads\/2023\/01\/zo-skin-after.jpg 600w, https:\/\/dermadelsol.com\/wp-content\/uploads\/2023\/01\/zo-skin-after-300x266.jpg 300w\" sizes=\"(max-width: 600px) 100vw, 600px\" \/>\t\t\t\t\t\t\t\t\t\t\t\t\t\t\t<\/div>\n\t\t\t\t<\/div>\n\t\t\t\t\t<\/div>\n\t\t<\/div>\n\t\t\t\t\t<\/div>\n\t\t<\/section>\n\t\t\t\t<section class=\"elementor-section elementor-top-section elementor-element elementor-element-2ca7700 elementor-section-boxed elementor-section-height-default elementor-section-height-default\" data-id=\"2ca7700\" data-element_type=\"section\" data-e-type=\"section\">\n\t\t\t\t\t\t<div class=\"elementor-container elementor-column-gap-default\">\n\t\t\t\t\t<div class=\"elementor-column elementor-col-100 elementor-top-column elementor-element elementor-element-11fe125\" data-id=\"11fe125\" data-element_type=\"column\" data-e-type=\"column\">\n\t\t\t<div class=\"elementor-widget-wrap elementor-element-populated\">\n\t\t\t\t\t\t<div class=\"elementor-element elementor-element-c6ce2ff elementor-widget elementor-widget-text-editor\" data-id=\"c6ce2ff\" data-element_type=\"widget\" data-e-type=\"widget\" data-widget_type=\"text-editor.default\">\n\t\t\t\t<div class=\"elementor-widget-container\">\n\t\t\t\t\t\t\t\t\t<h3>Como obtener ZO Skin Health productos?<\/h3><p>Consulte conmigo para elegir los protocolos adecuados para las necesidades de su piel, luego puede pedir online en\u00a0<a href=\"http:\/\/www.clinicstore.es\/\" target=\"_blank\" rel=\"noopener nofollow\">www.clinicstore.es<\/a><\/p>\t\t\t\t\t\t\t\t<\/div>\n\t\t\t\t<\/div>\n\t\t\t\t\t<\/div>\n\t\t<\/div>\n\t\t\t\t\t<\/div>\n\t\t<\/section>\n\t\t\t\t<\/div>\n\t\t","protected":false},"excerpt":{"rendered":"<p>ZO-SKIN Productos de salud Que es Zo-Skin Health? ZO Skin Health, he desarrollado bajo la direcci\u00f3n del Dr. Obaji, unos protocolos de tratamientos terap\u00e9uticos, con soluciones para el cuidado diario de la piel, con los que logra obtener y mantener una piel sana. Estos protocolos y productos, se basan en los \u00faltimos descubrimientos terap\u00e9uticos para [&hellip;]<\/p>\n","protected":false},"author":2,"featured_media":0,"parent":0,"menu_order":5,"comment_status":"closed","ping_status":"closed","template":"","meta":{"site-sidebar-layout":"no-sidebar","site-content-layout":"page-builder","ast-site-content-layout":"default","site-content-style":"default","site-sidebar-style":"default","ast-global-header-display":"","ast-banner-title-visibility":"","ast-main-header-display":"","ast-hfb-above-header-display":"","ast-hfb-below-header-display":"","ast-hfb-mobile-header-display":"","site-post-title":"disabled","ast-breadcrumbs-content":"","ast-featured-img":"disabled","footer-sml-layout":"","ast-disable-related-posts":"","theme-transparent-header-meta":"enabled","adv-header-id-meta":"","stick-header-meta":"","header-above-stick-meta":"","header-main-stick-meta":"","header-below-stick-meta":"","astra-migrate-meta-layouts":"default","ast-page-background-enabled":"default","ast-page-background-meta":{"desktop":{"background-color":"","background-image":"","background-repeat":"repeat","background-position":"center center","background-size":"auto","background-attachment":"scroll","background-type":"","background-media":"","overlay-type":"","overlay-color":"","overlay-opacity":"","overlay-gradient":""},"tablet":{"background-color":"","background-image":"","background-repeat":"repeat","background-position":"center center","background-size":"auto","background-attachment":"scroll","background-type":"","background-media":"","overlay-type":"","overlay-color":"","overlay-opacity":"","overlay-gradient":""},"mobile":{"background-color":"","background-image":"","background-repeat":"repeat","background-position":"center center","background-size":"auto","background-attachment":"scroll","background-type":"","background-media":"","overlay-type":"","overlay-color":"","overlay-opacity":"","overlay-gradient":""}},"ast-content-background-meta":{"desktop":{"background-color":"var(--ast-global-color-5)","background-image":"","background-repeat":"repeat","background-position":"center center","background-size":"auto","background-attachment":"scroll","background-type":"","background-media":"","overlay-type":"","overlay-color":"","overlay-opacity":"","overlay-gradient":""},"tablet":{"background-color":"var(--ast-global-color-5)","background-image":"","background-repeat":"repeat","background-position":"center center","background-size":"auto","background-attachment":"scroll","background-type":"","background-media":"","overlay-type":"","overlay-color":"","overlay-opacity":"","overlay-gradient":""},"mobile":{"background-color":"var(--ast-global-color-5)","background-image":"","background-repeat":"repeat","background-position":"center center","background-size":"auto","background-attachment":"scroll","background-type":"","background-media":"","overlay-type":"","overlay-color":"","overlay-opacity":"","overlay-gradient":""}},"footnotes":""},"class_list":["post-1508","page","type-page","status-publish","hentry"],"_links":{"self":[{"href":"https:\/\/dermadelsol.com\/es\/wp-json\/wp\/v2\/pages\/1508","targetHints":{"allow":["GET"]}}],"collection":[{"href":"https:\/\/dermadelsol.com\/es\/wp-json\/wp\/v2\/pages"}],"about":[{"href":"https:\/\/dermadelsol.com\/es\/wp-json\/wp\/v2\/types\/page"}],"author":[{"embeddable":true,"href":"https:\/\/dermadelsol.com\/es\/wp-json\/wp\/v2\/users\/2"}],"replies":[{"embeddable":true,"href":"https:\/\/dermadelsol.com\/es\/wp-json\/wp\/v2\/comments?post=1508"}],"version-history":[{"count":7,"href":"https:\/\/dermadelsol.com\/es\/wp-json\/wp\/v2\/pages\/1508\/revisions"}],"predecessor-version":[{"id":1516,"href":"https:\/\/dermadelsol.com\/es\/wp-json\/wp\/v2\/pages\/1508\/revisions\/1516"}],"wp:attachment":[{"href":"https:\/\/dermadelsol.com\/es\/wp-json\/wp\/v2\/media?parent=1508"}],"curies":[{"name":"wp","href":"https:\/\/api.w.org\/{rel}","templated":true}]}}